{"id":8996,"date":"2026-03-05T14:09:37","date_gmt":"2026-03-05T07:09:37","guid":{"rendered":"https:\/\/fecox3.com\/?page_id=8996"},"modified":"2026-03-05T14:15:02","modified_gmt":"2026-03-05T07:15:02","slug":"cam-on","status":"publish","type":"page","link":"https:\/\/fecox3.com\/en\/cam-on\/","title":{"rendered":"C\u1ea3m \u01a1n!"},"content":{"rendered":"<div data-elementor-type=\"wp-page\" data-elementor-id=\"8996\" class=\"elementor elementor-8996\" data-elementor-post-type=\"page\">\n\t\t\t\t<div class=\"elementor-element elementor-element-fd67595 e-flex e-con-boxed e-con e-parent\" data-id=\"fd67595\" data-element_type=\"container\" data-e-type=\"container\" data-settings=\"{&quot;background_background&quot;:&quot;classic&quot;}\">\n\t\t\t\t\t<div class=\"e-con-inner\">\n\t\t\t\t<div class=\"elementor-element elementor-element-88cd9c3 elementor-widget elementor-widget-image\" data-id=\"88cd9c3\" data-element_type=\"widget\" data-e-type=\"widget\" data-widget_type=\"image.default\">\n\t\t\t\t\t\t\t\t\t\t\t\t\t\t\t<img fetchpriority=\"high\" decoding=\"async\" width=\"256\" height=\"256\" src=\"https:\/\/fecox3.com\/wp-content\/uploads\/2026\/03\/5290058.png\" class=\"attachment-full size-full wp-image-8998\" alt=\"\" srcset=\"https:\/\/fecox3.com\/wp-content\/uploads\/2026\/03\/5290058.png 256w, https:\/\/fecox3.com\/wp-content\/uploads\/2026\/03\/5290058-150x150.png 150w, https:\/\/fecox3.com\/wp-content\/uploads\/2026\/03\/5290058-12x12.png 12w\" sizes=\"(max-width: 256px) 100vw, 256px\" \/>\t\t\t\t\t\t\t\t\t\t\t\t\t\t\t<\/div>\n\t\t\t\t<div class=\"elementor-element elementor-element-709f78a elementor-widget elementor-widget-heading\" data-id=\"709f78a\" data-element_type=\"widget\" data-e-type=\"widget\" data-widget_type=\"heading.default\">\n\t\t\t\t\t<h2 class=\"elementor-heading-title elementor-size-default\">C\u1ea2M \u01a0N ANH\/CH\u1eca \u0110\u00c3 \u0110\u1ec2 L\u1ea0I TH\u00d4NG TIN<\/h2>\t\t\t\t<\/div>\n\t\t\t\t<div class=\"elementor-element elementor-element-14e01df elementor-widget elementor-widget-heading\" data-id=\"14e01df\" data-element_type=\"widget\" data-e-type=\"widget\" data-widget_type=\"heading.default\">\n\t\t\t\t\t<h3 class=\"elementor-heading-title elementor-size-default\">FECO X3 S\u1ebc LI\u00caN H\u1ec6 ANH CH\u1eca TRONG TH\u1edcI GIAN S\u1edaM NH\u1ea4T<\/h3>\t\t\t\t<\/div>\n\t\t\t\t<div class=\"elementor-element elementor-element-8ef24ff elementor-align-center elementor-widget elementor-widget-button\" data-id=\"8ef24ff\" data-element_type=\"widget\" data-e-type=\"widget\" data-widget_type=\"button.default\">\n\t\t\t\t\t\t\t\t\t\t<a class=\"elementor-button elementor-button-link elementor-size-sm\" href=\"https:\/\/fecox3.com\/en\/\">\n\t\t\t\t\t\t<span class=\"elementor-button-content-wrapper\">\n\t\t\t\t\t\t\t\t\t<span class=\"elementor-button-text\">V\u1ec1 trang ch\u1ee7<\/span>\n\t\t\t\t\t<\/span>\n\t\t\t\t\t<\/a>\n\t\t\t\t\t\t\t\t<\/div>\n\t\t\t\t\t<\/div>\n\t\t\t\t<\/div>\n\t\t\t\t<\/div>","protected":false},"excerpt":{"rendered":"<p>C\u1ea2M \u01a0N ANH\/CH\u1eca \u0110\u00c3 \u0110\u1ec2 L\u1ea0I TH\u00d4NG TIN FECO X3 S\u1ebc LI\u00caN H\u1ec6 ANH CH\u1eca TRONG TH\u1edcI GIAN S\u1edaM NH\u1ea4T V\u1ec1 trang ch\u1ee7<\/p>","protected":false},"author":1,"featured_media":0,"parent":0,"menu_order":0,"comment_status":"closed","ping_status":"closed","template":"","meta":{"footnotes":""},"class_list":["post-8996","page","type-page","status-publish","hentry"],"_links":{"self":[{"href":"https:\/\/fecox3.com\/en\/wp-json\/wp\/v2\/pages\/8996","targetHints":{"allow":["GET"]}}],"collection":[{"href":"https:\/\/fecox3.com\/en\/wp-json\/wp\/v2\/pages"}],"about":[{"href":"https:\/\/fecox3.com\/en\/wp-json\/wp\/v2\/types\/page"}],"author":[{"embeddable":true,"href":"https:\/\/fecox3.com\/en\/wp-json\/wp\/v2\/users\/1"}],"replies":[{"embeddable":true,"href":"https:\/\/fecox3.com\/en\/wp-json\/wp\/v2\/comments?post=8996"}],"version-history":[{"count":0,"href":"https:\/\/fecox3.com\/en\/wp-json\/wp\/v2\/pages\/8996\/revisions"}],"wp:attachment":[{"href":"https:\/\/fecox3.com\/en\/wp-json\/wp\/v2\/media?parent=8996"}],"curies":[{"name":"wp","href":"https:\/\/api.w.org\/{rel}","templated":true}]}}